{"id":416,"date":"2024-01-19T07:54:01","date_gmt":"2024-01-19T06:54:01","guid":{"rendered":"https:\/\/www.bacher-welten.de\/?page_id=416"},"modified":"2024-06-03T08:29:58","modified_gmt":"2024-06-03T07:29:58","slug":"mentions-legales","status":"publish","type":"page","link":"https:\/\/www.bacher-welten.de\/fr\/mentions-legales\/","title":{"rendered":"Mentions l\u00e9gales"},"content":{"rendered":"<div class=\"wpb-content-wrapper\"><p>[vc_section el_class=\u00a0\u00bbbg-grey\u00a0\u00bb css=\u00a0\u00bb.vc_custom_1701160906332{background-color: #f2f2f2 !important;}\u00a0\u00bb][vc_row][vc_column]<div class=\"custom-content wpb_content_element  one-column \"><div class=\"inner-wrap\" data-aos=\"fade-up\" data-aos-once=\"true\"><h1 class=\"entry-title\" data-aos=\"fade-split\" data-aos-once=\"true\"><span><span>Mentions l\u00e9gales<\/span><\/span><\/h1><\/div><\/div>[\/vc_column][\/vc_row][\/vc_section][vc_section][vc_row el_class=\u00a0\u00bbsm\u00a0\u00bb][vc_column]<div class=\"custom-content wpb_content_element  one-column \"><div class=\"inner-wrap\" data-aos=\"fade-up\" data-aos-once=\"true\"><div class=\"wpb_text_column delay-20\" data-aos=\"fade-up\" data-aos-once=\"true\"><p>Albert Bacher<br \/>\nBacher Consulting<br \/>\nVon-Braun-Str. 12<br \/>\n68755 Ketsch<\/p>\n<h2>Contact<\/h2>\n<p>T\u00e9l\u00e9phone : +49 6242 8370 240<br \/>\nE-mail : kontakt@bacher-welten.de<\/p>\n<h2>TVA intracommunautaire<\/h2>\n<p>Num\u00e9ro de TVA intracommunautaire selon l\u2019article 27 a de la loi allemande concernant la taxe sur la valeur ajout\u00e9e :<br \/>\nDE337951443<\/p>\n<h2>R\u00e8glement des litiges dans l\u2019UE<\/h2>\n<p>La Commission europ\u00e9enne met \u00e0 disposition une plateforme de r\u00e8glement en ligne des litiges (RLL) : https:\/\/ec.europa.eu\/consumers\/odr\/.<br \/>\nVous trouvez notre adresse \u00e9lectronique ci-dessus dans les mentions l\u00e9gales.<\/p>\n<h2>Verbraucher\u00adstreit\u00adbeilegung\/Universal\u00adschlichtungs\u00adstelle<\/h2>\n<p>Nous ne sommes pas dispos\u00e9s \u00e0 participer \u00e0 des proc\u00e9dures de r\u00e8glement des litiges devant un organisme de r\u00e8glement des litiges de consommation ou tenus de le faire.<\/p>\n<\/div><\/div><\/div>[\/vc_column][\/vc_row][\/vc_section]<\/p>\n<\/div>","protected":false},"excerpt":{"rendered":"<p>[vc_section el_class=\u00a0\u00bbbg-grey\u00a0\u00bb css=\u00a0\u00bb.vc_custom_1701160906332{background-color: #f2f2f2 !important;}\u00a0\u00bb][vc_row][vc_column][\/vc_column][\/vc_row][\/vc_section][vc_section][vc_row el_class=\u00a0\u00bbsm\u00a0\u00bb][vc_column][\/vc_column][\/vc_row][\/vc_section]<\/p>\n","protected":false},"author":2,"featured_media":0,"parent":0,"menu_order":0,"comment_status":"closed","ping_status":"closed","template":"","meta":{"footnotes":""},"class_list":["post-416","page","type-page","status-publish","hentry"],"yoast_head":"<!-- This site is optimized with the Yoast SEO plugin v27.5 - https:\/\/yoast.com\/product\/yoast-seo-wordpress\/ -->\n<title>Mentions l\u00e9gales - Bacher Welten<\/title>\n<meta name=\"robots\" content=\"index, follow, max-snippet:-1, max-image-preview:large, max-video-preview:-1\" \/>\n<link rel=\"canonical\" href=\"https:\/\/www.bacher-welten.de\/fr\/mentions-legales\/\" \/>\n<meta property=\"og:locale\" content=\"fr_FR\" \/>\n<meta property=\"og:type\" content=\"article\" \/>\n<meta property=\"og:title\" content=\"Mentions l\u00e9gales - Bacher Welten\" \/>\n<meta property=\"og:description\" content=\"[vc_section el_class=\u00a0\u00bbbg-grey\u00a0\u00bb css=\u00a0\u00bb.vc_custom_1701160906332{background-color: #f2f2f2 !important;}\u00a0\u00bb][vc_row][vc_column][\/vc_column][\/vc_row][\/vc_section][vc_section][vc_row el_class=\u00a0\u00bbsm\u00a0\u00bb][vc_column][\/vc_column][\/vc_row][\/vc_section]\" \/>\n<meta property=\"og:url\" content=\"https:\/\/www.bacher-welten.de\/fr\/mentions-legales\/\" \/>\n<meta property=\"og:site_name\" content=\"Bacher Welten\" \/>\n<meta property=\"article:publisher\" content=\"https:\/\/www.facebook.com\/profile.php?id=100077378827098\" \/>\n<meta property=\"article:modified_time\" content=\"2024-06-03T07:29:58+00:00\" \/>\n<meta name=\"twitter:card\" content=\"summary_large_image\" \/>\n<meta name=\"twitter:label1\" content=\"Dur\u00e9e de lecture estim\u00e9e\" \/>\n\t<meta name=\"twitter:data1\" content=\"1 minute\" \/>\n<script type=\"application\/ld+json\" class=\"yoast-schema-graph\">{\"@context\":\"https:\\\/\\\/schema.org\",\"@graph\":[{\"@type\":\"WebPage\",\"@id\":\"https:\\\/\\\/www.bacher-welten.de\\\/fr\\\/mentions-legales\\\/\",\"url\":\"https:\\\/\\\/www.bacher-welten.de\\\/fr\\\/mentions-legales\\\/\",\"name\":\"Mentions l\u00e9gales - Bacher Welten\",\"isPartOf\":{\"@id\":\"https:\\\/\\\/www.bacher-welten.de\\\/fr\\\/#website\"},\"datePublished\":\"2024-01-19T06:54:01+00:00\",\"dateModified\":\"2024-06-03T07:29:58+00:00\",\"breadcrumb\":{\"@id\":\"https:\\\/\\\/www.bacher-welten.de\\\/fr\\\/mentions-legales\\\/#breadcrumb\"},\"inLanguage\":\"fr-FR\",\"potentialAction\":[{\"@type\":\"ReadAction\",\"target\":[\"https:\\\/\\\/www.bacher-welten.de\\\/fr\\\/mentions-legales\\\/\"]}]},{\"@type\":\"BreadcrumbList\",\"@id\":\"https:\\\/\\\/www.bacher-welten.de\\\/fr\\\/mentions-legales\\\/#breadcrumb\",\"itemListElement\":[{\"@type\":\"ListItem\",\"position\":1,\"name\":\"Home\",\"item\":\"https:\\\/\\\/www.bacher-welten.de\\\/fr\\\/home\\\/\"},{\"@type\":\"ListItem\",\"position\":2,\"name\":\"Mentions l\u00e9gales\"}]},{\"@type\":\"WebSite\",\"@id\":\"https:\\\/\\\/www.bacher-welten.de\\\/fr\\\/#website\",\"url\":\"https:\\\/\\\/www.bacher-welten.de\\\/fr\\\/\",\"name\":\"Bacher Welten\",\"description\":\"\",\"publisher\":{\"@id\":\"https:\\\/\\\/www.bacher-welten.de\\\/fr\\\/#organization\"},\"potentialAction\":[{\"@type\":\"SearchAction\",\"target\":{\"@type\":\"EntryPoint\",\"urlTemplate\":\"https:\\\/\\\/www.bacher-welten.de\\\/fr\\\/?s={search_term_string}\"},\"query-input\":{\"@type\":\"PropertyValueSpecification\",\"valueRequired\":true,\"valueName\":\"search_term_string\"}}],\"inLanguage\":\"fr-FR\"},{\"@type\":\"Organization\",\"@id\":\"https:\\\/\\\/www.bacher-welten.de\\\/fr\\\/#organization\",\"name\":\"Bacher Welten\",\"url\":\"https:\\\/\\\/www.bacher-welten.de\\\/fr\\\/\",\"logo\":{\"@type\":\"ImageObject\",\"inLanguage\":\"fr-FR\",\"@id\":\"https:\\\/\\\/www.bacher-welten.de\\\/fr\\\/#\\\/schema\\\/logo\\\/image\\\/\",\"url\":\"https:\\\/\\\/www.bacher-welten.de\\\/wp-content\\\/uploads\\\/2023\\\/10\\\/logo.svg\",\"contentUrl\":\"https:\\\/\\\/www.bacher-welten.de\\\/wp-content\\\/uploads\\\/2023\\\/10\\\/logo.svg\",\"width\":1,\"height\":1,\"caption\":\"Bacher Welten\"},\"image\":{\"@id\":\"https:\\\/\\\/www.bacher-welten.de\\\/fr\\\/#\\\/schema\\\/logo\\\/image\\\/\"},\"sameAs\":[\"https:\\\/\\\/www.facebook.com\\\/profile.php?id=100077378827098\",\"https:\\\/\\\/www.instagram.com\\\/bacher_welten\\\/\",\"https:\\\/\\\/www.linkedin.com\\\/company\\\/bacher-welten\\\/\"]}]}<\/script>\n<!-- \/ Yoast SEO plugin. -->","yoast_head_json":{"title":"Mentions l\u00e9gales - Bacher Welten","robots":{"index":"index","follow":"follow","max-snippet":"max-snippet:-1","max-image-preview":"max-image-preview:large","max-video-preview":"max-video-preview:-1"},"canonical":"https:\/\/www.bacher-welten.de\/fr\/mentions-legales\/","og_locale":"fr_FR","og_type":"article","og_title":"Mentions l\u00e9gales - Bacher Welten","og_description":"[vc_section el_class=\u00a0\u00bbbg-grey\u00a0\u00bb css=\u00a0\u00bb.vc_custom_1701160906332{background-color: #f2f2f2 !important;}\u00a0\u00bb][vc_row][vc_column][\/vc_column][\/vc_row][\/vc_section][vc_section][vc_row el_class=\u00a0\u00bbsm\u00a0\u00bb][vc_column][\/vc_column][\/vc_row][\/vc_section]","og_url":"https:\/\/www.bacher-welten.de\/fr\/mentions-legales\/","og_site_name":"Bacher Welten","article_publisher":"https:\/\/www.facebook.com\/profile.php?id=100077378827098","article_modified_time":"2024-06-03T07:29:58+00:00","twitter_card":"summary_large_image","twitter_misc":{"Dur\u00e9e de lecture estim\u00e9e":"1 minute"},"schema":{"@context":"https:\/\/schema.org","@graph":[{"@type":"WebPage","@id":"https:\/\/www.bacher-welten.de\/fr\/mentions-legales\/","url":"https:\/\/www.bacher-welten.de\/fr\/mentions-legales\/","name":"Mentions l\u00e9gales - Bacher Welten","isPartOf":{"@id":"https:\/\/www.bacher-welten.de\/fr\/#website"},"datePublished":"2024-01-19T06:54:01+00:00","dateModified":"2024-06-03T07:29:58+00:00","breadcrumb":{"@id":"https:\/\/www.bacher-welten.de\/fr\/mentions-legales\/#breadcrumb"},"inLanguage":"fr-FR","potentialAction":[{"@type":"ReadAction","target":["https:\/\/www.bacher-welten.de\/fr\/mentions-legales\/"]}]},{"@type":"BreadcrumbList","@id":"https:\/\/www.bacher-welten.de\/fr\/mentions-legales\/#breadcrumb","itemListElement":[{"@type":"ListItem","position":1,"name":"Home","item":"https:\/\/www.bacher-welten.de\/fr\/home\/"},{"@type":"ListItem","position":2,"name":"Mentions l\u00e9gales"}]},{"@type":"WebSite","@id":"https:\/\/www.bacher-welten.de\/fr\/#website","url":"https:\/\/www.bacher-welten.de\/fr\/","name":"Bacher Welten","description":"","publisher":{"@id":"https:\/\/www.bacher-welten.de\/fr\/#organization"},"potentialAction":[{"@type":"SearchAction","target":{"@type":"EntryPoint","urlTemplate":"https:\/\/www.bacher-welten.de\/fr\/?s={search_term_string}"},"query-input":{"@type":"PropertyValueSpecification","valueRequired":true,"valueName":"search_term_string"}}],"inLanguage":"fr-FR"},{"@type":"Organization","@id":"https:\/\/www.bacher-welten.de\/fr\/#organization","name":"Bacher Welten","url":"https:\/\/www.bacher-welten.de\/fr\/","logo":{"@type":"ImageObject","inLanguage":"fr-FR","@id":"https:\/\/www.bacher-welten.de\/fr\/#\/schema\/logo\/image\/","url":"https:\/\/www.bacher-welten.de\/wp-content\/uploads\/2023\/10\/logo.svg","contentUrl":"https:\/\/www.bacher-welten.de\/wp-content\/uploads\/2023\/10\/logo.svg","width":1,"height":1,"caption":"Bacher Welten"},"image":{"@id":"https:\/\/www.bacher-welten.de\/fr\/#\/schema\/logo\/image\/"},"sameAs":["https:\/\/www.facebook.com\/profile.php?id=100077378827098","https:\/\/www.instagram.com\/bacher_welten\/","https:\/\/www.linkedin.com\/company\/bacher-welten\/"]}]}},"_links":{"self":[{"href":"https:\/\/www.bacher-welten.de\/fr\/wp-json\/wp\/v2\/pages\/416","targetHints":{"allow":["GET"]}}],"collection":[{"href":"https:\/\/www.bacher-welten.de\/fr\/wp-json\/wp\/v2\/pages"}],"about":[{"href":"https:\/\/www.bacher-welten.de\/fr\/wp-json\/wp\/v2\/types\/page"}],"author":[{"embeddable":true,"href":"https:\/\/www.bacher-welten.de\/fr\/wp-json\/wp\/v2\/users\/2"}],"replies":[{"embeddable":true,"href":"https:\/\/www.bacher-welten.de\/fr\/wp-json\/wp\/v2\/comments?post=416"}],"version-history":[{"count":3,"href":"https:\/\/www.bacher-welten.de\/fr\/wp-json\/wp\/v2\/pages\/416\/revisions"}],"predecessor-version":[{"id":773,"href":"https:\/\/www.bacher-welten.de\/fr\/wp-json\/wp\/v2\/pages\/416\/revisions\/773"}],"wp:attachment":[{"href":"https:\/\/www.bacher-welten.de\/fr\/wp-json\/wp\/v2\/media?parent=416"}],"curies":[{"name":"wp","href":"https:\/\/api.w.org\/{rel}","templated":true}]}}