{"id":399,"date":"2024-01-19T06:52:29","date_gmt":"2024-01-19T05:52:29","guid":{"rendered":"https:\/\/www.bacher-welten.de\/?page_id=399"},"modified":"2024-01-19T07:30:44","modified_gmt":"2024-01-19T06:30:44","slug":"a-propos-de-nous","status":"publish","type":"page","link":"https:\/\/www.bacher-welten.de\/fr\/a-propos-de-nous\/","title":{"rendered":"\u00c0 propos de nous"},"content":{"rendered":"<div class=\"wpb-content-wrapper\"><p>[vc_section el_class=\u00a0\u00bbtop-banner-wrapper\u00a0\u00bb][vc_row full_width=\u00a0\u00bbstretch_row_content_no_spaces\u00a0\u00bb][vc_column]<div class=\"custom-top-banner \"><div class=\"container relative\"><div class=\"text-box\"><h1 class=\"entry-title\"><span data-aos=\"fade-up\" class=\"delay-100\">L\u2019union fait la force\u2026<\/span><\/h1><p data-aos=\"fade-up\" class=\"delay-140\">en tant que famille, qu\u2019amis, que partenaires.<\/p><\/div><span class=\"move-down\"><\/span><\/div><div class=\"rellax has-parallax\" data-rellax-speed=\"-3\"><div class=\"img-box\" style=\"background-image: url(https:\/\/www.bacher-welten.de\/wp-content\/uploads\/2023\/11\/Titelbild-D59A6343-scaled.jpg)\"><\/div><\/div><\/div>[\/vc_column][\/vc_row][\/vc_section][vc_section][vc_row][vc_column]<div class=\"custom-content wpb_content_element  one-column has-bg \" data-aos=\"fade-up\" data-aos-once=\"true\"><div class=\"inner-wrap\" data-aos=\"fade-up\" data-aos-once=\"true\"><h3 class=\"entry-title\" data-aos=\"fade-split\" data-aos-once=\"true\"><span><span>\u00c0 propos de nous<\/span><\/span><\/h3><div class=\"wpb_text_column delay-20\" data-aos=\"fade-up\" data-aos-once=\"true\"><p>Nous sommes Monika et Albert Bacher, un couple qui constitue une excellente \u00e9quipe, autant en priv\u00e9 qu\u2019au niveau professionnel. Nous avons grandi ensemble et avons toujours fait de notre mieux. Depuis 2014, nous nous adonnons \u00e0 notre curiosit\u00e9 et notre passion pour transformer nos id\u00e9es en projets concrets. Nous cherchons toujours \u00e0 nous d\u00e9velopper et \u00e0 d\u00e9couvrir de nouveaux domaines et de nouvelles branches. Nos int\u00e9r\u00eats sont aussi diversifi\u00e9s que les produits et services que nous souhaitons proposer \u00e0 nos clients.<\/p>\n<p>Passant d\u2019un univers \u00e0 l\u2019autre, nous faisons converger nos ambitions professionnelles vers notre vie priv\u00e9e. Nous aimons la vie de famille et sommes fiers d\u2019\u00eatre parents. Il nous tient donc \u00e0 c\u0153ur de ne transmettre que ce qu\u2019il y a de mieux \u2013 \u00e0 notre fils et \u00e0 nos clients. Durant nos loisirs, nous appr\u00e9cions les plaisirs culinaires, jouons au golf ou nous d\u00e9foulons sur le cours de tennis. Pourtant, tous les trois, nous passons la plupart du temps dans la nature. Nous voyageons souvent, que ce soit en priv\u00e9 ou pour des raisons professionnelles, car nous nous sentons chez nous dans le monde entier.<\/p>\n<\/div><\/div><\/div>[\/vc_column][\/vc_row][\/vc_section][vc_section el_class=\u00a0\u00bblg-padding\u00a0\u00bb][vc_row full_width=\u00a0\u00bbstretch_row_content_no_spaces\u00a0\u00bb][vc_column]<div class=\"custom-gallery wpb_content_element\" data-aos=\"fade-up\" data-aos-once=\"true\"><figure class=\"img-box slick-slide\" style=\"background-image: url(https:\/\/www.bacher-welten.de\/wp-content\/uploads\/2023\/11\/Slider-D59A6574-scaled.jpg)\"><\/figure><figure class=\"img-box slick-slide\" style=\"background-image: url(https:\/\/www.bacher-welten.de\/wp-content\/uploads\/2023\/11\/D59A7431-scaled.jpg)\"><\/figure><figure class=\"img-box slick-slide\" style=\"background-image: url(https:\/\/www.bacher-welten.de\/wp-content\/uploads\/2023\/11\/JBC_Albert_Bacher_SRG_0835_1920px.jpg)\"><\/figure><\/div>[\/vc_column][\/vc_row][\/vc_section]<\/p>\n<\/div>","protected":false},"excerpt":{"rendered":"<p>[vc_section el_class=\u00a0\u00bbtop-banner-wrapper\u00a0\u00bb][vc_row full_width=\u00a0\u00bbstretch_row_content_no_spaces\u00a0\u00bb][vc_column][\/vc_column][\/vc_row][\/vc_section][vc_section][vc_row][vc_column][\/vc_column][\/vc_row][\/vc_section][vc_section el_class=\u00a0\u00bblg-padding\u00a0\u00bb][vc_row full_width=\u00a0\u00bbstretch_row_content_no_spaces\u00a0\u00bb][vc_column][\/vc_column][\/vc_row][\/vc_section]<\/p>\n","protected":false},"author":2,"featured_media":0,"parent":0,"menu_order":0,"comment_status":"closed","ping_status":"closed","template":"","meta":{"footnotes":""},"class_list":["post-399","page","type-page","status-publish","hentry"],"yoast_head":"<!-- This site is optimized with the Yoast SEO plugin v27.5 - https:\/\/yoast.com\/product\/yoast-seo-wordpress\/ -->\n<title>\u00c0 propos de nous - Bacher Welten<\/title>\n<meta name=\"robots\" content=\"index, follow, max-snippet:-1, max-image-preview:large, max-video-preview:-1\" \/>\n<link rel=\"canonical\" href=\"https:\/\/www.bacher-welten.de\/fr\/a-propos-de-nous\/\" \/>\n<meta property=\"og:locale\" content=\"fr_FR\" \/>\n<meta property=\"og:type\" content=\"article\" \/>\n<meta property=\"og:title\" content=\"\u00c0 propos de nous - Bacher Welten\" \/>\n<meta property=\"og:description\" content=\"[vc_section el_class=\u00a0\u00bbtop-banner-wrapper\u00a0\u00bb][vc_row full_width=\u00a0\u00bbstretch_row_content_no_spaces\u00a0\u00bb][vc_column][\/vc_column][\/vc_row][\/vc_section][vc_section][vc_row][vc_column][\/vc_column][\/vc_row][\/vc_section][vc_section el_class=\u00a0\u00bblg-padding\u00a0\u00bb][vc_row full_width=\u00a0\u00bbstretch_row_content_no_spaces\u00a0\u00bb][vc_column][\/vc_column][\/vc_row][\/vc_section]\" \/>\n<meta property=\"og:url\" content=\"https:\/\/www.bacher-welten.de\/fr\/a-propos-de-nous\/\" \/>\n<meta property=\"og:site_name\" content=\"Bacher Welten\" \/>\n<meta property=\"article:publisher\" content=\"https:\/\/www.facebook.com\/profile.php?id=100077378827098\" \/>\n<meta property=\"article:modified_time\" content=\"2024-01-19T06:30:44+00:00\" \/>\n<meta name=\"twitter:card\" content=\"summary_large_image\" \/>\n<script type=\"application\/ld+json\" class=\"yoast-schema-graph\">{\"@context\":\"https:\\\/\\\/schema.org\",\"@graph\":[{\"@type\":\"WebPage\",\"@id\":\"https:\\\/\\\/www.bacher-welten.de\\\/fr\\\/a-propos-de-nous\\\/\",\"url\":\"https:\\\/\\\/www.bacher-welten.de\\\/fr\\\/a-propos-de-nous\\\/\",\"name\":\"\u00c0 propos de nous - Bacher Welten\",\"isPartOf\":{\"@id\":\"https:\\\/\\\/www.bacher-welten.de\\\/fr\\\/#website\"},\"datePublished\":\"2024-01-19T05:52:29+00:00\",\"dateModified\":\"2024-01-19T06:30:44+00:00\",\"breadcrumb\":{\"@id\":\"https:\\\/\\\/www.bacher-welten.de\\\/fr\\\/a-propos-de-nous\\\/#breadcrumb\"},\"inLanguage\":\"fr-FR\",\"potentialAction\":[{\"@type\":\"ReadAction\",\"target\":[\"https:\\\/\\\/www.bacher-welten.de\\\/fr\\\/a-propos-de-nous\\\/\"]}]},{\"@type\":\"BreadcrumbList\",\"@id\":\"https:\\\/\\\/www.bacher-welten.de\\\/fr\\\/a-propos-de-nous\\\/#breadcrumb\",\"itemListElement\":[{\"@type\":\"ListItem\",\"position\":1,\"name\":\"Home\",\"item\":\"https:\\\/\\\/www.bacher-welten.de\\\/fr\\\/home\\\/\"},{\"@type\":\"ListItem\",\"position\":2,\"name\":\"\u00c0 propos de nous\"}]},{\"@type\":\"WebSite\",\"@id\":\"https:\\\/\\\/www.bacher-welten.de\\\/fr\\\/#website\",\"url\":\"https:\\\/\\\/www.bacher-welten.de\\\/fr\\\/\",\"name\":\"Bacher Welten\",\"description\":\"\",\"publisher\":{\"@id\":\"https:\\\/\\\/www.bacher-welten.de\\\/fr\\\/#organization\"},\"potentialAction\":[{\"@type\":\"SearchAction\",\"target\":{\"@type\":\"EntryPoint\",\"urlTemplate\":\"https:\\\/\\\/www.bacher-welten.de\\\/fr\\\/?s={search_term_string}\"},\"query-input\":{\"@type\":\"PropertyValueSpecification\",\"valueRequired\":true,\"valueName\":\"search_term_string\"}}],\"inLanguage\":\"fr-FR\"},{\"@type\":\"Organization\",\"@id\":\"https:\\\/\\\/www.bacher-welten.de\\\/fr\\\/#organization\",\"name\":\"Bacher Welten\",\"url\":\"https:\\\/\\\/www.bacher-welten.de\\\/fr\\\/\",\"logo\":{\"@type\":\"ImageObject\",\"inLanguage\":\"fr-FR\",\"@id\":\"https:\\\/\\\/www.bacher-welten.de\\\/fr\\\/#\\\/schema\\\/logo\\\/image\\\/\",\"url\":\"https:\\\/\\\/www.bacher-welten.de\\\/wp-content\\\/uploads\\\/2023\\\/10\\\/logo.svg\",\"contentUrl\":\"https:\\\/\\\/www.bacher-welten.de\\\/wp-content\\\/uploads\\\/2023\\\/10\\\/logo.svg\",\"width\":1,\"height\":1,\"caption\":\"Bacher Welten\"},\"image\":{\"@id\":\"https:\\\/\\\/www.bacher-welten.de\\\/fr\\\/#\\\/schema\\\/logo\\\/image\\\/\"},\"sameAs\":[\"https:\\\/\\\/www.facebook.com\\\/profile.php?id=100077378827098\",\"https:\\\/\\\/www.instagram.com\\\/bacher_welten\\\/\",\"https:\\\/\\\/www.linkedin.com\\\/company\\\/bacher-welten\\\/\"]}]}<\/script>\n<!-- \/ Yoast SEO plugin. -->","yoast_head_json":{"title":"\u00c0 propos de nous - Bacher Welten","robots":{"index":"index","follow":"follow","max-snippet":"max-snippet:-1","max-image-preview":"max-image-preview:large","max-video-preview":"max-video-preview:-1"},"canonical":"https:\/\/www.bacher-welten.de\/fr\/a-propos-de-nous\/","og_locale":"fr_FR","og_type":"article","og_title":"\u00c0 propos de nous - Bacher Welten","og_description":"[vc_section el_class=\u00a0\u00bbtop-banner-wrapper\u00a0\u00bb][vc_row full_width=\u00a0\u00bbstretch_row_content_no_spaces\u00a0\u00bb][vc_column][\/vc_column][\/vc_row][\/vc_section][vc_section][vc_row][vc_column][\/vc_column][\/vc_row][\/vc_section][vc_section el_class=\u00a0\u00bblg-padding\u00a0\u00bb][vc_row full_width=\u00a0\u00bbstretch_row_content_no_spaces\u00a0\u00bb][vc_column][\/vc_column][\/vc_row][\/vc_section]","og_url":"https:\/\/www.bacher-welten.de\/fr\/a-propos-de-nous\/","og_site_name":"Bacher Welten","article_publisher":"https:\/\/www.facebook.com\/profile.php?id=100077378827098","article_modified_time":"2024-01-19T06:30:44+00:00","twitter_card":"summary_large_image","schema":{"@context":"https:\/\/schema.org","@graph":[{"@type":"WebPage","@id":"https:\/\/www.bacher-welten.de\/fr\/a-propos-de-nous\/","url":"https:\/\/www.bacher-welten.de\/fr\/a-propos-de-nous\/","name":"\u00c0 propos de nous - Bacher Welten","isPartOf":{"@id":"https:\/\/www.bacher-welten.de\/fr\/#website"},"datePublished":"2024-01-19T05:52:29+00:00","dateModified":"2024-01-19T06:30:44+00:00","breadcrumb":{"@id":"https:\/\/www.bacher-welten.de\/fr\/a-propos-de-nous\/#breadcrumb"},"inLanguage":"fr-FR","potentialAction":[{"@type":"ReadAction","target":["https:\/\/www.bacher-welten.de\/fr\/a-propos-de-nous\/"]}]},{"@type":"BreadcrumbList","@id":"https:\/\/www.bacher-welten.de\/fr\/a-propos-de-nous\/#breadcrumb","itemListElement":[{"@type":"ListItem","position":1,"name":"Home","item":"https:\/\/www.bacher-welten.de\/fr\/home\/"},{"@type":"ListItem","position":2,"name":"\u00c0 propos de nous"}]},{"@type":"WebSite","@id":"https:\/\/www.bacher-welten.de\/fr\/#website","url":"https:\/\/www.bacher-welten.de\/fr\/","name":"Bacher Welten","description":"","publisher":{"@id":"https:\/\/www.bacher-welten.de\/fr\/#organization"},"potentialAction":[{"@type":"SearchAction","target":{"@type":"EntryPoint","urlTemplate":"https:\/\/www.bacher-welten.de\/fr\/?s={search_term_string}"},"query-input":{"@type":"PropertyValueSpecification","valueRequired":true,"valueName":"search_term_string"}}],"inLanguage":"fr-FR"},{"@type":"Organization","@id":"https:\/\/www.bacher-welten.de\/fr\/#organization","name":"Bacher Welten","url":"https:\/\/www.bacher-welten.de\/fr\/","logo":{"@type":"ImageObject","inLanguage":"fr-FR","@id":"https:\/\/www.bacher-welten.de\/fr\/#\/schema\/logo\/image\/","url":"https:\/\/www.bacher-welten.de\/wp-content\/uploads\/2023\/10\/logo.svg","contentUrl":"https:\/\/www.bacher-welten.de\/wp-content\/uploads\/2023\/10\/logo.svg","width":1,"height":1,"caption":"Bacher Welten"},"image":{"@id":"https:\/\/www.bacher-welten.de\/fr\/#\/schema\/logo\/image\/"},"sameAs":["https:\/\/www.facebook.com\/profile.php?id=100077378827098","https:\/\/www.instagram.com\/bacher_welten\/","https:\/\/www.linkedin.com\/company\/bacher-welten\/"]}]}},"_links":{"self":[{"href":"https:\/\/www.bacher-welten.de\/fr\/wp-json\/wp\/v2\/pages\/399","targetHints":{"allow":["GET"]}}],"collection":[{"href":"https:\/\/www.bacher-welten.de\/fr\/wp-json\/wp\/v2\/pages"}],"about":[{"href":"https:\/\/www.bacher-welten.de\/fr\/wp-json\/wp\/v2\/types\/page"}],"author":[{"embeddable":true,"href":"https:\/\/www.bacher-welten.de\/fr\/wp-json\/wp\/v2\/users\/2"}],"replies":[{"embeddable":true,"href":"https:\/\/www.bacher-welten.de\/fr\/wp-json\/wp\/v2\/comments?post=399"}],"version-history":[{"count":1,"href":"https:\/\/www.bacher-welten.de\/fr\/wp-json\/wp\/v2\/pages\/399\/revisions"}],"predecessor-version":[{"id":400,"href":"https:\/\/www.bacher-welten.de\/fr\/wp-json\/wp\/v2\/pages\/399\/revisions\/400"}],"wp:attachment":[{"href":"https:\/\/www.bacher-welten.de\/fr\/wp-json\/wp\/v2\/media?parent=399"}],"curies":[{"name":"wp","href":"https:\/\/api.w.org\/{rel}","templated":true}]}}