{"id":423,"date":"2024-01-19T08:57:32","date_gmt":"2024-01-19T07:57:32","guid":{"rendered":"https:\/\/www.bacher-welten.de\/?page_id=423"},"modified":"2024-01-19T08:59:17","modified_gmt":"2024-01-19T07:59:17","slug":"quienes-somos","status":"publish","type":"page","link":"https:\/\/www.bacher-welten.de\/es\/quienes-somos\/","title":{"rendered":"Qui\u00e9nes somos"},"content":{"rendered":"<div class=\"wpb-content-wrapper\"><p>[vc_section el_class=\u00bbtop-banner-wrapper\u00bb][vc_row full_width=\u00bbstretch_row_content_no_spaces\u00bb][vc_column]<div class=\"custom-top-banner \"><div class=\"container relative\"><div class=\"text-box\"><h1 class=\"entry-title\"><span data-aos=\"fade-up\" class=\"delay-100\">Juntos somos fuertes\u2026<\/span><\/h1><p data-aos=\"fade-up\" class=\"delay-140\">como familia, como amigos, como compa\u00f1eros.<\/p><\/div><span class=\"move-down\"><\/span><\/div><div class=\"rellax has-parallax\" data-rellax-speed=\"-3\"><div class=\"img-box\" style=\"background-image: url(https:\/\/www.bacher-welten.de\/wp-content\/uploads\/2023\/11\/Titelbild-D59A6343-scaled.jpg)\"><\/div><\/div><\/div>[\/vc_column][\/vc_row][\/vc_section][vc_section][vc_row][vc_column]<div class=\"custom-content wpb_content_element  one-column has-bg \" data-aos=\"fade-up\" data-aos-once=\"true\"><div class=\"inner-wrap\" data-aos=\"fade-up\" data-aos-once=\"true\"><h3 class=\"entry-title\" data-aos=\"fade-split\" data-aos-once=\"true\"><span><span>Qui\u00e9nes somos<\/span><\/span><\/h3><div class=\"wpb_text_column delay-20\" data-aos=\"fade-up\" data-aos-once=\"true\"><p>Somos Monika y Albert Bacher, un matrimonio que no s\u00f3lo formamos un s\u00f3lido equipo en nuestra vida privada, sino tambi\u00e9n en la profesional. Hemos crecido juntos y siempre hemos sacado lo mejor el uno del otro. Desde 2014, seguimos nuestra curiosidad y pasi\u00f3n para convertir nuestras ideas en emprendimientos concretos. Siempre nos esforzamos por seguir desarroll\u00e1ndonos y abrir nuevas \u00e1reas e industrias. Los productos y servicios que queremos ofrecer a nuestros clientes son tan amplios como nuestros intereses.<\/p>\n<p>Como viajeros entre mundos, combinamos nuestras ambiciones profesionales con nuestra vida privada. Somos personas de familia y padres orgullosos, por eso es importante para nosotros transmitir s\u00f3lo lo mejor: a nuestro hijo y a nuestros clientes. En nuestro tiempo libre, nos gusta deleitarnos con delicias culinarias, jugar al golf o desahogarnos en la pista de tenis. Sin embargo, los tres pasamos la mayor parte del tiempo en el campo. Tambi\u00e9n viajamos a menudo, tanto a nivel privado como profesional, porque nos sentimos como en casa en todo el mundo.<\/p>\n<\/div><\/div><\/div>[\/vc_column][\/vc_row][\/vc_section][vc_section el_class=\u00bblg-padding\u00bb][vc_row full_width=\u00bbstretch_row_content_no_spaces\u00bb][vc_column]<div class=\"custom-gallery wpb_content_element\" data-aos=\"fade-up\" data-aos-once=\"true\"><figure class=\"img-box slick-slide\" style=\"background-image: url(https:\/\/www.bacher-welten.de\/wp-content\/uploads\/2023\/11\/Slider-D59A6574-scaled.jpg)\"><\/figure><figure class=\"img-box slick-slide\" style=\"background-image: url(https:\/\/www.bacher-welten.de\/wp-content\/uploads\/2023\/11\/D59A7431-scaled.jpg)\"><\/figure><figure class=\"img-box slick-slide\" style=\"background-image: url(https:\/\/www.bacher-welten.de\/wp-content\/uploads\/2023\/11\/JBC_Albert_Bacher_SRG_0835_1920px.jpg)\"><\/figure><\/div>[\/vc_column][\/vc_row][\/vc_section]<\/p>\n<\/div>","protected":false},"excerpt":{"rendered":"<p>[vc_section el_class=\u00bbtop-banner-wrapper\u00bb][vc_row full_width=\u00bbstretch_row_content_no_spaces\u00bb][vc_column][\/vc_column][\/vc_row][\/vc_section][vc_section][vc_row][vc_column][\/vc_column][\/vc_row][\/vc_section][vc_section el_class=\u00bblg-padding\u00bb][vc_row full_width=\u00bbstretch_row_content_no_spaces\u00bb][vc_column][\/vc_column][\/vc_row][\/vc_section]<\/p>\n","protected":false},"author":2,"featured_media":0,"parent":0,"menu_order":0,"comment_status":"closed","ping_status":"closed","template":"","meta":{"footnotes":""},"class_list":["post-423","page","type-page","status-publish","hentry"],"yoast_head":"<!-- This site is optimized with the Yoast SEO plugin v27.5 - https:\/\/yoast.com\/product\/yoast-seo-wordpress\/ -->\n<title>Qui\u00e9nes somos - Bacher Welten<\/title>\n<meta name=\"robots\" content=\"index, follow, max-snippet:-1, max-image-preview:large, max-video-preview:-1\" \/>\n<link rel=\"canonical\" href=\"https:\/\/www.bacher-welten.de\/es\/quienes-somos\/\" \/>\n<meta property=\"og:locale\" content=\"es_ES\" \/>\n<meta property=\"og:type\" content=\"article\" \/>\n<meta property=\"og:title\" content=\"Qui\u00e9nes somos - Bacher Welten\" \/>\n<meta property=\"og:description\" content=\"[vc_section el_class=\u00bbtop-banner-wrapper\u00bb][vc_row full_width=\u00bbstretch_row_content_no_spaces\u00bb][vc_column][\/vc_column][\/vc_row][\/vc_section][vc_section][vc_row][vc_column][\/vc_column][\/vc_row][\/vc_section][vc_section el_class=\u00bblg-padding\u00bb][vc_row full_width=\u00bbstretch_row_content_no_spaces\u00bb][vc_column][\/vc_column][\/vc_row][\/vc_section]\" \/>\n<meta property=\"og:url\" content=\"https:\/\/www.bacher-welten.de\/es\/quienes-somos\/\" \/>\n<meta property=\"og:site_name\" content=\"Bacher Welten\" \/>\n<meta property=\"article:publisher\" content=\"https:\/\/www.facebook.com\/profile.php?id=100077378827098\" \/>\n<meta property=\"article:modified_time\" content=\"2024-01-19T07:59:17+00:00\" \/>\n<meta name=\"twitter:card\" content=\"summary_large_image\" \/>\n<script type=\"application\/ld+json\" class=\"yoast-schema-graph\">{\"@context\":\"https:\\\/\\\/schema.org\",\"@graph\":[{\"@type\":\"WebPage\",\"@id\":\"https:\\\/\\\/www.bacher-welten.de\\\/es\\\/quienes-somos\\\/\",\"url\":\"https:\\\/\\\/www.bacher-welten.de\\\/es\\\/quienes-somos\\\/\",\"name\":\"Qui\u00e9nes somos - Bacher Welten\",\"isPartOf\":{\"@id\":\"https:\\\/\\\/www.bacher-welten.de\\\/es\\\/#website\"},\"datePublished\":\"2024-01-19T07:57:32+00:00\",\"dateModified\":\"2024-01-19T07:59:17+00:00\",\"breadcrumb\":{\"@id\":\"https:\\\/\\\/www.bacher-welten.de\\\/es\\\/quienes-somos\\\/#breadcrumb\"},\"inLanguage\":\"es\",\"potentialAction\":[{\"@type\":\"ReadAction\",\"target\":[\"https:\\\/\\\/www.bacher-welten.de\\\/es\\\/quienes-somos\\\/\"]}]},{\"@type\":\"BreadcrumbList\",\"@id\":\"https:\\\/\\\/www.bacher-welten.de\\\/es\\\/quienes-somos\\\/#breadcrumb\",\"itemListElement\":[{\"@type\":\"ListItem\",\"position\":1,\"name\":\"Home\",\"item\":\"https:\\\/\\\/www.bacher-welten.de\\\/es\\\/home\\\/\"},{\"@type\":\"ListItem\",\"position\":2,\"name\":\"Qui\u00e9nes somos\"}]},{\"@type\":\"WebSite\",\"@id\":\"https:\\\/\\\/www.bacher-welten.de\\\/es\\\/#website\",\"url\":\"https:\\\/\\\/www.bacher-welten.de\\\/es\\\/\",\"name\":\"Bacher Welten\",\"description\":\"\",\"publisher\":{\"@id\":\"https:\\\/\\\/www.bacher-welten.de\\\/es\\\/#organization\"},\"potentialAction\":[{\"@type\":\"SearchAction\",\"target\":{\"@type\":\"EntryPoint\",\"urlTemplate\":\"https:\\\/\\\/www.bacher-welten.de\\\/es\\\/?s={search_term_string}\"},\"query-input\":{\"@type\":\"PropertyValueSpecification\",\"valueRequired\":true,\"valueName\":\"search_term_string\"}}],\"inLanguage\":\"es\"},{\"@type\":\"Organization\",\"@id\":\"https:\\\/\\\/www.bacher-welten.de\\\/es\\\/#organization\",\"name\":\"Bacher Welten\",\"url\":\"https:\\\/\\\/www.bacher-welten.de\\\/es\\\/\",\"logo\":{\"@type\":\"ImageObject\",\"inLanguage\":\"es\",\"@id\":\"https:\\\/\\\/www.bacher-welten.de\\\/es\\\/#\\\/schema\\\/logo\\\/image\\\/\",\"url\":\"https:\\\/\\\/www.bacher-welten.de\\\/wp-content\\\/uploads\\\/2023\\\/10\\\/logo.svg\",\"contentUrl\":\"https:\\\/\\\/www.bacher-welten.de\\\/wp-content\\\/uploads\\\/2023\\\/10\\\/logo.svg\",\"width\":1,\"height\":1,\"caption\":\"Bacher Welten\"},\"image\":{\"@id\":\"https:\\\/\\\/www.bacher-welten.de\\\/es\\\/#\\\/schema\\\/logo\\\/image\\\/\"},\"sameAs\":[\"https:\\\/\\\/www.facebook.com\\\/profile.php?id=100077378827098\",\"https:\\\/\\\/www.instagram.com\\\/bacher_welten\\\/\",\"https:\\\/\\\/www.linkedin.com\\\/company\\\/bacher-welten\\\/\"]}]}<\/script>\n<!-- \/ Yoast SEO plugin. -->","yoast_head_json":{"title":"Qui\u00e9nes somos - Bacher Welten","robots":{"index":"index","follow":"follow","max-snippet":"max-snippet:-1","max-image-preview":"max-image-preview:large","max-video-preview":"max-video-preview:-1"},"canonical":"https:\/\/www.bacher-welten.de\/es\/quienes-somos\/","og_locale":"es_ES","og_type":"article","og_title":"Qui\u00e9nes somos - Bacher Welten","og_description":"[vc_section el_class=\u00bbtop-banner-wrapper\u00bb][vc_row full_width=\u00bbstretch_row_content_no_spaces\u00bb][vc_column][\/vc_column][\/vc_row][\/vc_section][vc_section][vc_row][vc_column][\/vc_column][\/vc_row][\/vc_section][vc_section el_class=\u00bblg-padding\u00bb][vc_row full_width=\u00bbstretch_row_content_no_spaces\u00bb][vc_column][\/vc_column][\/vc_row][\/vc_section]","og_url":"https:\/\/www.bacher-welten.de\/es\/quienes-somos\/","og_site_name":"Bacher Welten","article_publisher":"https:\/\/www.facebook.com\/profile.php?id=100077378827098","article_modified_time":"2024-01-19T07:59:17+00:00","twitter_card":"summary_large_image","schema":{"@context":"https:\/\/schema.org","@graph":[{"@type":"WebPage","@id":"https:\/\/www.bacher-welten.de\/es\/quienes-somos\/","url":"https:\/\/www.bacher-welten.de\/es\/quienes-somos\/","name":"Qui\u00e9nes somos - Bacher Welten","isPartOf":{"@id":"https:\/\/www.bacher-welten.de\/es\/#website"},"datePublished":"2024-01-19T07:57:32+00:00","dateModified":"2024-01-19T07:59:17+00:00","breadcrumb":{"@id":"https:\/\/www.bacher-welten.de\/es\/quienes-somos\/#breadcrumb"},"inLanguage":"es","potentialAction":[{"@type":"ReadAction","target":["https:\/\/www.bacher-welten.de\/es\/quienes-somos\/"]}]},{"@type":"BreadcrumbList","@id":"https:\/\/www.bacher-welten.de\/es\/quienes-somos\/#breadcrumb","itemListElement":[{"@type":"ListItem","position":1,"name":"Home","item":"https:\/\/www.bacher-welten.de\/es\/home\/"},{"@type":"ListItem","position":2,"name":"Qui\u00e9nes somos"}]},{"@type":"WebSite","@id":"https:\/\/www.bacher-welten.de\/es\/#website","url":"https:\/\/www.bacher-welten.de\/es\/","name":"Bacher Welten","description":"","publisher":{"@id":"https:\/\/www.bacher-welten.de\/es\/#organization"},"potentialAction":[{"@type":"SearchAction","target":{"@type":"EntryPoint","urlTemplate":"https:\/\/www.bacher-welten.de\/es\/?s={search_term_string}"},"query-input":{"@type":"PropertyValueSpecification","valueRequired":true,"valueName":"search_term_string"}}],"inLanguage":"es"},{"@type":"Organization","@id":"https:\/\/www.bacher-welten.de\/es\/#organization","name":"Bacher Welten","url":"https:\/\/www.bacher-welten.de\/es\/","logo":{"@type":"ImageObject","inLanguage":"es","@id":"https:\/\/www.bacher-welten.de\/es\/#\/schema\/logo\/image\/","url":"https:\/\/www.bacher-welten.de\/wp-content\/uploads\/2023\/10\/logo.svg","contentUrl":"https:\/\/www.bacher-welten.de\/wp-content\/uploads\/2023\/10\/logo.svg","width":1,"height":1,"caption":"Bacher Welten"},"image":{"@id":"https:\/\/www.bacher-welten.de\/es\/#\/schema\/logo\/image\/"},"sameAs":["https:\/\/www.facebook.com\/profile.php?id=100077378827098","https:\/\/www.instagram.com\/bacher_welten\/","https:\/\/www.linkedin.com\/company\/bacher-welten\/"]}]}},"_links":{"self":[{"href":"https:\/\/www.bacher-welten.de\/es\/wp-json\/wp\/v2\/pages\/423","targetHints":{"allow":["GET"]}}],"collection":[{"href":"https:\/\/www.bacher-welten.de\/es\/wp-json\/wp\/v2\/pages"}],"about":[{"href":"https:\/\/www.bacher-welten.de\/es\/wp-json\/wp\/v2\/types\/page"}],"author":[{"embeddable":true,"href":"https:\/\/www.bacher-welten.de\/es\/wp-json\/wp\/v2\/users\/2"}],"replies":[{"embeddable":true,"href":"https:\/\/www.bacher-welten.de\/es\/wp-json\/wp\/v2\/comments?post=423"}],"version-history":[{"count":1,"href":"https:\/\/www.bacher-welten.de\/es\/wp-json\/wp\/v2\/pages\/423\/revisions"}],"predecessor-version":[{"id":424,"href":"https:\/\/www.bacher-welten.de\/es\/wp-json\/wp\/v2\/pages\/423\/revisions\/424"}],"wp:attachment":[{"href":"https:\/\/www.bacher-welten.de\/es\/wp-json\/wp\/v2\/media?parent=423"}],"curies":[{"name":"wp","href":"https:\/\/api.w.org\/{rel}","templated":true}]}}